{"id":10,"date":"2022-12-27T11:11:41","date_gmt":"2022-12-27T10:11:41","guid":{"rendered":"https:\/\/werbomont.be\/?page_id=10"},"modified":"2025-03-28T11:03:10","modified_gmt":"2025-03-28T10:03:10","slug":"la-charmille","status":"publish","type":"page","link":"https:\/\/werbomont.be\/index.php\/la-charmille\/","title":{"rendered":"La Charmille"},"content":{"rendered":"<div id=\"pl-gb10-69d9ee8d63ad5\"  class=\"panel-layout wp-block-siteorigin-panels-layout-block\" ><div id=\"pg-gb10-69d9ee8d63ad5-0\"  class=\"panel-grid panel-no-style\"  data-style=\"{&quot;background_image_attachment&quot;:false,&quot;background_display&quot;:&quot;tile&quot;,&quot;background_image_size&quot;:&quot;full&quot;,&quot;background_image_opacity&quot;:&quot;100&quot;,&quot;border_thickness&quot;:&quot;1px&quot;,&quot;full_height&quot;:&quot;&quot;,&quot;cell_alignment&quot;:&quot;flex-start&quot;}\" ><div id=\"pgc-gb10-69d9ee8d63ad5-0-0\"  class=\"panel-grid-cell\"  data-style=\"{&quot;background_image_attachment&quot;:false,&quot;background_display&quot;:&quot;tile&quot;,&quot;background_image_size&quot;:&quot;full&quot;,&quot;background_image_opacity&quot;:&quot;100&quot;,&quot;border_thickness&quot;:&quot;1px&quot;,&quot;vertical_alignment&quot;:&quot;auto&quot;}\"  data-weight=\"0.5\" ><div id=\"panel-gb10-69d9ee8d63ad5-0-0-0\" class=\"so-panel widget widget_sow-editor panel-first-child panel-last-child\" data-index=\"0\" data-style=\"{&quot;background_image_attachment&quot;:false,&quot;background_display&quot;:&quot;tile&quot;,&quot;background_image_size&quot;:&quot;full&quot;,&quot;background_image_opacity&quot;:&quot;100&quot;,&quot;border_thickness&quot;:&quot;1px&quot;}\" ><div\n\t\t\t\n\t\t\tclass=\"so-widget-sow-editor so-widget-sow-editor-base\"\n\t\t\t\n\t\t><h3 class=\"widget-title\">Prix de la location <\/h3>\n<div class=\"siteorigin-widget-tinymce textwidget\">\n\t<ul>\n<li dir=\"auto\">Location (nettoyage compris) : <strong>165\u20ac<br \/>\n<\/strong><em>La consommation \u00e9lectrique est comptabilis\u00e9e et le montant est ajout\u00e9 au prix de la location.<\/em><\/li>\n<li dir=\"auto\">Location de vaisselle (pour 100 personnes) : <strong>25\u20ac<\/strong><\/li>\n<li dir=\"auto\">Caution : <strong>200\u20ac<\/strong><\/li>\n<\/ul>\n<\/div>\n<\/div><\/div><\/div><div id=\"pgc-gb10-69d9ee8d63ad5-0-1\"  class=\"panel-grid-cell\"  data-weight=\"0.5\" ><div id=\"panel-gb10-69d9ee8d63ad5-0-1-0\" class=\"so-panel widget widget_sow-editor panel-first-child panel-last-child\" data-index=\"1\" data-style=\"{&quot;background_image_attachment&quot;:false,&quot;background_display&quot;:&quot;tile&quot;,&quot;background_image_size&quot;:&quot;full&quot;,&quot;background_image_opacity&quot;:&quot;100&quot;,&quot;border_thickness&quot;:&quot;1px&quot;}\" ><div\n\t\t\t\n\t\t\tclass=\"so-widget-sow-editor so-widget-sow-editor-base\"\n\t\t\t\n\t\t><h3 class=\"widget-title\">Infrastructure<\/h3>\n<div class=\"siteorigin-widget-tinymce textwidget\">\n\t<ul>\n<li dir=\"auto\">12 Tables (200cm x 74cm)<\/li>\n<li dir=\"auto\">100 Chaises<\/li>\n<li dir=\"auto\">7 tables mange-debout<\/li>\n<li dir=\"auto\">12 tabourets hauts<\/li>\n<li dir=\"auto\">Vaisselle pour 100 personnes<\/li>\n<\/ul>\n<p><em>Obligation d&#8217;utiliser les boissons fournies par le brasseur.<\/em><\/p>\n<\/div>\n<\/div><\/div><\/div><\/div><div id=\"pg-gb10-69d9ee8d63ad5-1\"  class=\"panel-grid panel-no-style\" ><div id=\"pgc-gb10-69d9ee8d63ad5-1-0\"  class=\"panel-grid-cell\"  data-weight=\"1\" ><div id=\"panel-gb10-69d9ee8d63ad5-1-0-0\" class=\"so-panel widget widget_foogallery_widget foogallery_widget panel-first-child\" data-index=\"2\" data-style=\"{&quot;background_image_attachment&quot;:false,&quot;background_display&quot;:&quot;tile&quot;,&quot;background_image_size&quot;:&quot;full&quot;,&quot;background_image_opacity&quot;:&quot;100&quot;,&quot;border_thickness&quot;:&quot;1px&quot;}\" ><h3 class=\"widget-title\">La Charmille en images<\/h3><style type=\"text\/css\">\r\n\t#foogallery-gallery-96 .fg-image {\r\n        width: 150px;\r\n    }\r\n<\/style>\r\n\t\t\t\t<div class=\"foogallery foogallery-container foogallery-default foogallery-lightbox-foogallery fg-gutter-10 fg-center fg-default fg-light fg-border-thin fg-shadow-outline fg-loading-default fg-loaded-fade-in fg-caption-hover fg-hover-fade fg-hover-zoom fg-ready\" id=\"foogallery-gallery-96\" data-foogallery=\"{&quot;item&quot;:{&quot;showCaptionTitle&quot;:true,&quot;showCaptionDescription&quot;:true},&quot;lazy&quot;:true}\" data-foogallery-lightbox=\"{&quot;thumbs&quot;:&quot;bottom&quot;,&quot;thumbsCaptions&quot;:false,&quot;thumbsBestFit&quot;:false,&quot;thumbsSmall&quot;:false,&quot;thumbsCaptionsAlign&quot;:&quot;default&quot;,&quot;info&quot;:&quot;bottom&quot;,&quot;infoVisible&quot;:true,&quot;infoOverlay&quot;:true,&quot;infoAlign&quot;:&quot;default&quot;,&quot;transition&quot;:&quot;fade&quot;,&quot;hoverButtons&quot;:false,&quot;fitMedia&quot;:false,&quot;noScrollbars&quot;:true,&quot;preserveButtonSpace&quot;:true,&quot;buttons&quot;:{&quot;fullscreen&quot;:true,&quot;info&quot;:true,&quot;thumbs&quot;:false},&quot;video&quot;:{&quot;autoPlay&quot;:true}}\" >\r\n\t<div class=\"fg-item fg-type-image fg-idle\"><figure class=\"fg-item-inner\"><a href=\"https:\/\/werbomont.be\/wp-content\/uploads\/2024\/01\/DSC_5378-scaled.jpg\" data-attachment-id=\"106\" data-type=\"image\" class=\"fg-thumb\"><span class=\"fg-image-wrap\"><img decoding=\"async\" width=\"150\" height=\"150\" class=\"skip-lazy fg-image\" data-src-fg=\"https:\/\/werbomont.be\/wp-content\/uploads\/cache\/2024\/01\/DSC_5378-scaled\/1732404444.jpg\" src=\"data:image\/svg+xml,%3Csvg%20xmlns%3D%22http%3A%2F%2Fwww.w3.org%2F2000%2Fsvg%22%20width%3D%22150%22%20height%3D%22150%22%20viewBox%3D%220%200%20150%20150%22%3E%3C%2Fsvg%3E\" loading=\"eager\"><\/span><span class=\"fg-image-overlay\"><\/span><\/a><figcaption class=\"fg-caption\"><div class=\"fg-caption-inner\"><\/div><\/figcaption><\/figure><div class=\"fg-loader\"><\/div><\/div><div class=\"fg-item fg-type-image fg-idle\"><figure class=\"fg-item-inner\"><a href=\"https:\/\/werbomont.be\/wp-content\/uploads\/2024\/01\/DSC_5379-scaled.jpg\" data-attachment-id=\"107\" data-type=\"image\" class=\"fg-thumb\"><span class=\"fg-image-wrap\"><img decoding=\"async\" width=\"150\" height=\"150\" class=\"skip-lazy fg-image\" data-src-fg=\"https:\/\/werbomont.be\/wp-content\/uploads\/cache\/2024\/01\/DSC_5379-scaled\/2953652646.jpg\" src=\"data:image\/svg+xml,%3Csvg%20xmlns%3D%22http%3A%2F%2Fwww.w3.org%2F2000%2Fsvg%22%20width%3D%22150%22%20height%3D%22150%22%20viewBox%3D%220%200%20150%20150%22%3E%3C%2Fsvg%3E\" loading=\"eager\"><\/span><span class=\"fg-image-overlay\"><\/span><\/a><figcaption class=\"fg-caption\"><div class=\"fg-caption-inner\"><\/div><\/figcaption><\/figure><div class=\"fg-loader\"><\/div><\/div><div class=\"fg-item fg-type-image fg-idle\"><figure class=\"fg-item-inner\"><a href=\"https:\/\/werbomont.be\/wp-content\/uploads\/2024\/01\/DSC_5368-scaled.jpg\" data-attachment-id=\"97\" data-type=\"image\" class=\"fg-thumb\"><span class=\"fg-image-wrap\"><img decoding=\"async\" width=\"150\" height=\"150\" class=\"skip-lazy fg-image\" data-src-fg=\"https:\/\/werbomont.be\/wp-content\/uploads\/cache\/2024\/01\/DSC_5368-scaled\/84270043.jpg\" src=\"data:image\/svg+xml,%3Csvg%20xmlns%3D%22http%3A%2F%2Fwww.w3.org%2F2000%2Fsvg%22%20width%3D%22150%22%20height%3D%22150%22%20viewBox%3D%220%200%20150%20150%22%3E%3C%2Fsvg%3E\" loading=\"eager\"><\/span><span class=\"fg-image-overlay\"><\/span><\/a><figcaption class=\"fg-caption\"><div class=\"fg-caption-inner\"><\/div><\/figcaption><\/figure><div class=\"fg-loader\"><\/div><\/div><div class=\"fg-item fg-type-image fg-idle\"><figure class=\"fg-item-inner\"><a href=\"https:\/\/werbomont.be\/wp-content\/uploads\/2024\/01\/DSC_5369-scaled.jpg\" data-attachment-id=\"98\" data-type=\"image\" class=\"fg-thumb\"><span class=\"fg-image-wrap\"><img decoding=\"async\" width=\"150\" height=\"150\" class=\"skip-lazy fg-image\" data-src-fg=\"https:\/\/werbomont.be\/wp-content\/uploads\/cache\/2024\/01\/DSC_5369-scaled\/2915458974.jpg\" src=\"data:image\/svg+xml,%3Csvg%20xmlns%3D%22http%3A%2F%2Fwww.w3.org%2F2000%2Fsvg%22%20width%3D%22150%22%20height%3D%22150%22%20viewBox%3D%220%200%20150%20150%22%3E%3C%2Fsvg%3E\" loading=\"eager\"><\/span><span class=\"fg-image-overlay\"><\/span><\/a><figcaption class=\"fg-caption\"><div class=\"fg-caption-inner\"><\/div><\/figcaption><\/figure><div class=\"fg-loader\"><\/div><\/div><div class=\"fg-item fg-type-image fg-idle\"><figure class=\"fg-item-inner\"><a href=\"https:\/\/werbomont.be\/wp-content\/uploads\/2024\/01\/DSC_5371-scaled.jpg\" data-attachment-id=\"99\" data-type=\"image\" class=\"fg-thumb\"><span class=\"fg-image-wrap\"><img decoding=\"async\" width=\"150\" height=\"150\" class=\"skip-lazy fg-image\" data-src-fg=\"https:\/\/werbomont.be\/wp-content\/uploads\/cache\/2024\/01\/DSC_5371-scaled\/2727580698.jpg\" src=\"data:image\/svg+xml,%3Csvg%20xmlns%3D%22http%3A%2F%2Fwww.w3.org%2F2000%2Fsvg%22%20width%3D%22150%22%20height%3D%22150%22%20viewBox%3D%220%200%20150%20150%22%3E%3C%2Fsvg%3E\" loading=\"eager\"><\/span><span class=\"fg-image-overlay\"><\/span><\/a><figcaption class=\"fg-caption\"><div class=\"fg-caption-inner\"><\/div><\/figcaption><\/figure><div class=\"fg-loader\"><\/div><\/div><div class=\"fg-item fg-type-image fg-idle\"><figure class=\"fg-item-inner\"><a href=\"https:\/\/werbomont.be\/wp-content\/uploads\/2024\/01\/DSC_5372-scaled.jpg\" data-attachment-id=\"100\" data-type=\"image\" class=\"fg-thumb\"><span class=\"fg-image-wrap\"><img decoding=\"async\" width=\"150\" height=\"150\" class=\"skip-lazy fg-image\" data-src-fg=\"https:\/\/werbomont.be\/wp-content\/uploads\/cache\/2024\/01\/DSC_5372-scaled\/3162990823.jpg\" src=\"data:image\/svg+xml,%3Csvg%20xmlns%3D%22http%3A%2F%2Fwww.w3.org%2F2000%2Fsvg%22%20width%3D%22150%22%20height%3D%22150%22%20viewBox%3D%220%200%20150%20150%22%3E%3C%2Fsvg%3E\" loading=\"eager\"><\/span><span class=\"fg-image-overlay\"><\/span><\/a><figcaption class=\"fg-caption\"><div class=\"fg-caption-inner\"><\/div><\/figcaption><\/figure><div class=\"fg-loader\"><\/div><\/div><div class=\"fg-item fg-type-image fg-idle\"><figure class=\"fg-item-inner\"><a href=\"https:\/\/werbomont.be\/wp-content\/uploads\/2024\/01\/DSC_5373-scaled.jpg\" data-attachment-id=\"101\" data-type=\"image\" class=\"fg-thumb\"><span class=\"fg-image-wrap\"><img decoding=\"async\" width=\"150\" height=\"150\" class=\"skip-lazy fg-image\" data-src-fg=\"https:\/\/werbomont.be\/wp-content\/uploads\/cache\/2024\/01\/DSC_5373-scaled\/1808278941.jpg\" src=\"data:image\/svg+xml,%3Csvg%20xmlns%3D%22http%3A%2F%2Fwww.w3.org%2F2000%2Fsvg%22%20width%3D%22150%22%20height%3D%22150%22%20viewBox%3D%220%200%20150%20150%22%3E%3C%2Fsvg%3E\" loading=\"eager\"><\/span><span class=\"fg-image-overlay\"><\/span><\/a><figcaption class=\"fg-caption\"><div class=\"fg-caption-inner\"><\/div><\/figcaption><\/figure><div class=\"fg-loader\"><\/div><\/div><div class=\"fg-item fg-type-image fg-idle\"><figure class=\"fg-item-inner\"><a href=\"https:\/\/werbomont.be\/wp-content\/uploads\/2024\/01\/DSC_5374-scaled.jpg\" data-attachment-id=\"102\" data-type=\"image\" class=\"fg-thumb\"><span class=\"fg-image-wrap\"><img decoding=\"async\" width=\"150\" height=\"150\" class=\"skip-lazy fg-image\" data-src-fg=\"https:\/\/werbomont.be\/wp-content\/uploads\/cache\/2024\/01\/DSC_5374-scaled\/1125421361.jpg\" src=\"data:image\/svg+xml,%3Csvg%20xmlns%3D%22http%3A%2F%2Fwww.w3.org%2F2000%2Fsvg%22%20width%3D%22150%22%20height%3D%22150%22%20viewBox%3D%220%200%20150%20150%22%3E%3C%2Fsvg%3E\" loading=\"eager\"><\/span><span class=\"fg-image-overlay\"><\/span><\/a><figcaption class=\"fg-caption\"><div class=\"fg-caption-inner\"><\/div><\/figcaption><\/figure><div class=\"fg-loader\"><\/div><\/div><div class=\"fg-item fg-type-image fg-idle\"><figure class=\"fg-item-inner\"><a href=\"https:\/\/werbomont.be\/wp-content\/uploads\/2024\/01\/DSC_5375-scaled.jpg\" data-attachment-id=\"103\" data-type=\"image\" class=\"fg-thumb\"><span class=\"fg-image-wrap\"><img decoding=\"async\" width=\"150\" height=\"150\" class=\"skip-lazy fg-image\" data-src-fg=\"https:\/\/werbomont.be\/wp-content\/uploads\/cache\/2024\/01\/DSC_5375-scaled\/2489048139.jpg\" src=\"data:image\/svg+xml,%3Csvg%20xmlns%3D%22http%3A%2F%2Fwww.w3.org%2F2000%2Fsvg%22%20width%3D%22150%22%20height%3D%22150%22%20viewBox%3D%220%200%20150%20150%22%3E%3C%2Fsvg%3E\" loading=\"eager\"><\/span><span class=\"fg-image-overlay\"><\/span><\/a><figcaption class=\"fg-caption\"><div class=\"fg-caption-inner\"><\/div><\/figcaption><\/figure><div class=\"fg-loader\"><\/div><\/div><div class=\"fg-item fg-type-image fg-idle\"><figure class=\"fg-item-inner\"><a href=\"https:\/\/werbomont.be\/wp-content\/uploads\/2024\/01\/DSC_5376-scaled.jpg\" data-attachment-id=\"104\" data-type=\"image\" class=\"fg-thumb\"><span class=\"fg-image-wrap\"><img decoding=\"async\" width=\"150\" height=\"150\" class=\"skip-lazy fg-image\" data-src-fg=\"https:\/\/werbomont.be\/wp-content\/uploads\/cache\/2024\/01\/DSC_5376-scaled\/1465405837.jpg\" src=\"data:image\/svg+xml,%3Csvg%20xmlns%3D%22http%3A%2F%2Fwww.w3.org%2F2000%2Fsvg%22%20width%3D%22150%22%20height%3D%22150%22%20viewBox%3D%220%200%20150%20150%22%3E%3C%2Fsvg%3E\" loading=\"eager\"><\/span><span class=\"fg-image-overlay\"><\/span><\/a><figcaption class=\"fg-caption\"><div class=\"fg-caption-inner\"><\/div><\/figcaption><\/figure><div class=\"fg-loader\"><\/div><\/div><div class=\"fg-item fg-type-image fg-idle\"><figure class=\"fg-item-inner\"><a href=\"https:\/\/werbomont.be\/wp-content\/uploads\/2024\/01\/DSC_5377-scaled.jpg\" data-attachment-id=\"105\" data-type=\"image\" class=\"fg-thumb\"><span class=\"fg-image-wrap\"><img decoding=\"async\" width=\"150\" height=\"150\" class=\"skip-lazy fg-image\" data-src-fg=\"https:\/\/werbomont.be\/wp-content\/uploads\/cache\/2024\/01\/DSC_5377-scaled\/2148998391.jpg\" src=\"data:image\/svg+xml,%3Csvg%20xmlns%3D%22http%3A%2F%2Fwww.w3.org%2F2000%2Fsvg%22%20width%3D%22150%22%20height%3D%22150%22%20viewBox%3D%220%200%20150%20150%22%3E%3C%2Fsvg%3E\" loading=\"eager\"><\/span><span class=\"fg-image-overlay\"><\/span><\/a><figcaption class=\"fg-caption\"><div class=\"fg-caption-inner\"><\/div><\/figcaption><\/figure><div class=\"fg-loader\"><\/div><\/div><\/div>\r\n<\/div><div id=\"panel-gb10-69d9ee8d63ad5-1-0-1\" class=\"so-panel widget widget_sow-editor panel-last-child\" data-index=\"3\" data-style=\"{&quot;background_image_attachment&quot;:false,&quot;background_display&quot;:&quot;tile&quot;,&quot;background_image_size&quot;:&quot;full&quot;,&quot;background_image_opacity&quot;:&quot;100&quot;,&quot;border_thickness&quot;:&quot;1px&quot;}\" ><div\n\t\t\t\n\t\t\tclass=\"so-widget-sow-editor so-widget-sow-editor-base\"\n\t\t\t\n\t\t><h3 class=\"widget-title\">Fichiers utiles<\/h3>\n<div class=\"siteorigin-widget-tinymce textwidget\">\n\t\n\n<span id=\"eeSFL_FileListTop\"><!-- Simple File List - File List Top --><\/span>\n\n<div class=\"eeSFL\" id=\"eeSFL\">\n<script>\n\tvar eeSFL_PluginURL = \"https:\/\/werbomont.be\/wp-content\/plugins\/simple-file-list\/\";\n\tvar eeSFL_FileListDir = \"wp-content\/uploads\/simple-file-list\/\";\n\tvar eeSFL_ShowListStyle = \"TABLE\";\n<\/script>\n<table class=\"eeFiles\"><thead><tr><th class=\"eeSFL_Thumbnail\">Thumb<\/th><th class=\"eeSFL_FileName\">Name<\/th><th class=\"eeSFL_FileSize\">Size<\/th><th class=\"eeSFL_FileDate\">Date<\/th><\/tr>\n\t\n\t<\/thead>\n\n<tbody>\n\t\t\n\t\t<tr class=\"eeSFL_Item\" id=\"eeSFL_FileID-1\"><td class=\"eeSFL_Thumbnail\"><a href=\"http:\/\/werbomont.be\/wp-content\/uploads\/simple-file-list\/contrat-de-location.pdf\"><img loading=\"lazy\" decoding=\"async\" src=\"http:\/\/werbomont.be\/wp-content\/uploads\/simple-file-list\/.\/.thumbnails\/thumb_contrat-de-location.jpg\" width=\"64\" height=\"64\" alt=\"Thumb\" \/><\/a><\/td><td class=\"eeSFL_FileName\">\n\t\t\t\n\t\t\t<span class=\"eeSFL_RealFileName eeHide\">contrat-de-location.pdf<\/span>\n\t\t\t<span class=\"eeSFL_FileNiceName eeHide\">contrat de location.pdf<\/span>\n\t\t\t<span class=\"eeSFL_FileMimeType eeHide\">application\/pdf<\/span>\n\t\t\t\n\t\t\t<p class=\"eeSFL_FileLink\"><a class=\"eeSFL_FileName\" href=\"http:\/\/werbomont.be\/wp-content\/uploads\/simple-file-list\/contrat-de-location.pdf\" target=\"_blank\">contrat de location.pdf<\/a><\/p><p class=\"eeSFL_FileDesc \"><\/p>\n\t\t\n\t\t<small class=\"eeSFL_ListFileActions\">\n\t\t\t\t<a class=\"eeSFL_FileOpen\" href=\"http:\/\/werbomont.be\/wp-content\/uploads\/simple-file-list\/contrat-de-location.pdf\" target=\"_blank\">Ouvrir<\/a>\n\t\t\t<a class=\"eeSFL_FileDownload\" href=\"http:\/\/werbomont.be\/wp-content\/uploads\/simple-file-list\/contrat-de-location.pdf\" download=\"contrat-de-location.pdf\">T\u00e9l\u00e9charger<\/a>\n\t\t\t<a class=\"eeSFL_CopyLinkToClipboard\" onclick=\"eeSFL_CopyLinkToClipboard('http:\/\/werbomont.be\/wp-content\/uploads\/simple-file-list\/contrat-de-location.pdf')\" href=\"#\">Copier le lien<\/a>\n\t\t\n\t\t<\/small>\n\t\t\n\t\t<span class=\"eeHide eeSFL_FileSize\">75.96 KB<\/span>\n\t\t<span class=\"eeHide eeSFL_FileDateAdded\"><\/span>\n\t\t<span class=\"eeHide eeSFL_FileDateChanged\">17 novembre 2019<\/span><\/td><td class=\"eeSFL_FileSize\">75.96 KB<\/td><td class=\"eeSFL_FileDate\">17 novembre 2019<\/td><\/tr>\n\t\t\n\t\t<tr class=\"eeSFL_Item\" id=\"eeSFL_FileID-3\"><td class=\"eeSFL_Thumbnail\"><a href=\"http:\/\/werbomont.be\/wp-content\/uploads\/simple-file-list\/Recommandations-aux-utilisateurs.pdf\"><img loading=\"lazy\" decoding=\"async\" src=\"http:\/\/werbomont.be\/wp-content\/uploads\/simple-file-list\/.\/.thumbnails\/thumb_Recommandations-aux-utilisateurs.jpg\" width=\"64\" height=\"64\" alt=\"Thumb\" \/><\/a><\/td><td class=\"eeSFL_FileName\">\n\t\t\t\n\t\t\t<span class=\"eeSFL_RealFileName eeHide\">Recommandations-aux-utilisateurs.pdf<\/span>\n\t\t\t<span class=\"eeSFL_FileNiceName eeHide\">Recommandations aux utilisateurs.pdf<\/span>\n\t\t\t<span class=\"eeSFL_FileMimeType eeHide\">application\/pdf<\/span>\n\t\t\t\n\t\t\t<p class=\"eeSFL_FileLink\"><a class=\"eeSFL_FileName\" href=\"http:\/\/werbomont.be\/wp-content\/uploads\/simple-file-list\/Recommandations-aux-utilisateurs.pdf\" target=\"_blank\">Recommandations aux utilisateurs.pdf<\/a><\/p><p class=\"eeSFL_FileDesc \"><\/p>\n\t\t\n\t\t<small class=\"eeSFL_ListFileActions\">\n\t\t\t\t<a class=\"eeSFL_FileOpen\" href=\"http:\/\/werbomont.be\/wp-content\/uploads\/simple-file-list\/Recommandations-aux-utilisateurs.pdf\" target=\"_blank\">Ouvrir<\/a>\n\t\t\t<a class=\"eeSFL_FileDownload\" href=\"http:\/\/werbomont.be\/wp-content\/uploads\/simple-file-list\/Recommandations-aux-utilisateurs.pdf\" download=\"Recommandations-aux-utilisateurs.pdf\">T\u00e9l\u00e9charger<\/a>\n\t\t\t<a class=\"eeSFL_CopyLinkToClipboard\" onclick=\"eeSFL_CopyLinkToClipboard('http:\/\/werbomont.be\/wp-content\/uploads\/simple-file-list\/Recommandations-aux-utilisateurs.pdf')\" href=\"#\">Copier le lien<\/a>\n\t\t\n\t\t<\/small>\n\t\t\n\t\t<span class=\"eeHide eeSFL_FileSize\">30.17 KB<\/span>\n\t\t<span class=\"eeHide eeSFL_FileDateAdded\"><\/span>\n\t\t<span class=\"eeHide eeSFL_FileDateChanged\">17 novembre 2019<\/span><\/td><td class=\"eeSFL_FileSize\">30.17 KB<\/td><td class=\"eeSFL_FileDate\">17 novembre 2019<\/td><\/tr>\n\n<\/tbody>\n\n<\/table>\n\n<p class=\"eeHide\"><span id=\"eeSFL_FilesCount\">2<\/span><\/p>\n\n<\/div><!-- END .eeSFL -->\n<\/div>\n<\/div><\/div><\/div><\/div><div id=\"pg-gb10-69d9ee8d63ad5-2\"  class=\"panel-grid panel-no-style\"  data-style=\"{&quot;background_image_attachment&quot;:false,&quot;background_display&quot;:&quot;tile&quot;,&quot;background_image_size&quot;:&quot;full&quot;,&quot;background_image_opacity&quot;:&quot;100&quot;,&quot;border_thickness&quot;:&quot;1px&quot;,&quot;full_height&quot;:&quot;&quot;,&quot;cell_alignment&quot;:&quot;flex-start&quot;}\" ><div id=\"pgc-gb10-69d9ee8d63ad5-2-0\"  class=\"panel-grid-cell\"  data-weight=\"0.382\" ><div id=\"panel-gb10-69d9ee8d63ad5-2-0-0\" class=\"so-panel widget widget_sow-editor panel-first-child panel-last-child\" data-index=\"4\" data-style=\"{&quot;background_image_attachment&quot;:false,&quot;background_display&quot;:&quot;tile&quot;,&quot;background_image_size&quot;:&quot;full&quot;,&quot;background_image_opacity&quot;:&quot;100&quot;,&quot;border_thickness&quot;:&quot;1px&quot;}\" ><div\n\t\t\t\n\t\t\tclass=\"so-widget-sow-editor so-widget-sow-editor-base\"\n\t\t\t\n\t\t>\n<div class=\"siteorigin-widget-tinymce textwidget\">\n\t<h3>Nous contacter :<\/h3>\n<h3>0479 82 35 02<\/h3>\n<\/div>\n<\/div><\/div><\/div><div id=\"pgc-gb10-69d9ee8d63ad5-2-1\"  class=\"panel-grid-cell\"  data-weight=\"0.618\" ><div id=\"panel-gb10-69d9ee8d63ad5-2-1-0\" class=\"so-panel widget widget_wpforms-widget wpforms-widget panel-first-child panel-last-child\" data-index=\"5\" data-style=\"{&quot;background_image_attachment&quot;:false,&quot;background_display&quot;:&quot;tile&quot;,&quot;background_image_size&quot;:&quot;full&quot;,&quot;background_image_opacity&quot;:&quot;100&quot;,&quot;border_thickness&quot;:&quot;1px&quot;}\" ><h3 class=\"widget-title\">Plus d&#8217;infos ?<\/h3><div class=\"wpforms-container wpforms-container-full wpforms-render-modern\" id=\"wpforms-227\"><form id=\"wpforms-form-227\" class=\"wpforms-validate wpforms-form\" data-formid=\"227\" method=\"post\" enctype=\"multipart\/form-data\" action=\"\/index.php\/wp-json\/wp\/v2\/pages\/10\" data-token=\"63b947a226e550e6899b6950df3ba9fe\"><noscript class=\"wpforms-error-noscript\">Veuillez activer JavaScript dans votre navigateur pour remplir ce formulaire.<\/noscript><div class=\"wpforms-hidden\" id=\"wpforms-error-noscript\">Veuillez activer JavaScript dans votre navigateur pour remplir ce formulaire.<\/div><div class=\"wpforms-field-container\"><div id=\"wpforms-227-field_0-container\" class=\"wpforms-field wpforms-field-name wpforms-one-half wpforms-first\" data-field-id=\"0\"><label class=\"wpforms-field-label wpforms-label-hide\" for=\"wpforms-227-field_0\" aria-hidden=\"false\">Votre nom <span class=\"wpforms-required-label\" aria-hidden=\"true\">*<\/span><\/label><input type=\"text\" id=\"wpforms-227-field_0\" class=\"wpforms-field-large wpforms-field-required\" name=\"wpforms[fields][0]\" placeholder=\"Votre nom\" aria-errormessage=\"wpforms-227-field_0-error\" required><\/div><div id=\"wpforms-227-field_3-container\" class=\"wpforms-field wpforms-field-email wpforms-one-half\" data-field-id=\"3\"><label class=\"wpforms-field-label wpforms-label-hide\" for=\"wpforms-227-field_3\" aria-hidden=\"false\">Email <span class=\"wpforms-required-label\" aria-hidden=\"true\">*<\/span><\/label><input type=\"email\" id=\"wpforms-227-field_3\" class=\"wpforms-field-large wpforms-field-required\" name=\"wpforms[fields][3]\" placeholder=\"Votre Email\" spellcheck=\"false\" aria-errormessage=\"wpforms-227-field_3-error\" required><\/div><div id=\"wpforms-227-field_4-container\" class=\"wpforms-field wpforms-field-text\" data-field-id=\"4\"><label class=\"wpforms-field-label wpforms-label-hide\" for=\"wpforms-227-field_4\" aria-hidden=\"false\">Sujet<\/label><input type=\"text\" id=\"wpforms-227-field_4\" class=\"wpforms-field-large\" name=\"wpforms[fields][4]\" placeholder=\"Sujet\" aria-errormessage=\"wpforms-227-field_4-error\" ><\/div><div id=\"wpforms-227-field_2-container\" class=\"wpforms-field wpforms-field-textarea\" data-field-id=\"2\"><label class=\"wpforms-field-label wpforms-label-hide\" for=\"wpforms-227-field_2\" aria-hidden=\"false\">Message <span class=\"wpforms-required-label\" aria-hidden=\"true\">*<\/span><\/label><textarea id=\"wpforms-227-field_2\" class=\"wpforms-field-medium wpforms-field-required\" name=\"wpforms[fields][2]\" placeholder=\"Votre message\" aria-errormessage=\"wpforms-227-field_2-error\" required><\/textarea><\/div><\/div><!-- .wpforms-field-container --><div class=\"wpforms-submit-container\" ><input type=\"hidden\" name=\"wpforms[id]\" value=\"227\"><input type=\"hidden\" name=\"wpforms[author]\" value=\"1\"><button type=\"submit\" name=\"wpforms[submit]\" id=\"wpforms-submit-227\" class=\"wpforms-submit\" data-alt-text=\"Envoi ...\" data-submit-text=\"Envoyer le message\" aria-live=\"assertive\" value=\"wpforms-submit\">Envoyer le message<\/button><\/div><\/form><\/div>  <!-- .wpforms-container --><\/div><\/div><\/div><\/div>\n\n\n<p><\/p>\n","protected":false},"excerpt":{"rendered":"<p>Location (nettoyage compris) : 165\u20ac La consommation \u00e9lectrique est comptabilis\u00e9e et le montant est ajout\u00e9 au prix de la location. Location de vaisselle (pour 100 personnes) : 25\u20ac Caution : 200\u20ac 12 Tables (200cm x 74cm) 100 Chaises 7 tables mange-debout 12 tabourets hauts Vaisselle pour 100 personnes Obligation d&#8217;utiliser [&hellip;]<\/p>\n","protected":false},"author":1,"featured_media":0,"parent":0,"menu_order":0,"comment_status":"closed","ping_status":"closed","template":"page-templates\/template-fullwidth.php","meta":{"footnotes":""},"class_list":["post-10","page","type-page","status-publish","hentry"],"_links":{"self":[{"href":"https:\/\/werbomont.be\/index.php\/wp-json\/wp\/v2\/pages\/10","targetHints":{"allow":["GET"]}}],"collection":[{"href":"https:\/\/werbomont.be\/index.php\/wp-json\/wp\/v2\/pages"}],"about":[{"href":"https:\/\/werbomont.be\/index.php\/wp-json\/wp\/v2\/types\/page"}],"author":[{"embeddable":true,"href":"https:\/\/werbomont.be\/index.php\/wp-json\/wp\/v2\/users\/1"}],"replies":[{"embeddable":true,"href":"https:\/\/werbomont.be\/index.php\/wp-json\/wp\/v2\/comments?post=10"}],"version-history":[{"count":22,"href":"https:\/\/werbomont.be\/index.php\/wp-json\/wp\/v2\/pages\/10\/revisions"}],"predecessor-version":[{"id":379,"href":"https:\/\/werbomont.be\/index.php\/wp-json\/wp\/v2\/pages\/10\/revisions\/379"}],"wp:attachment":[{"href":"https:\/\/werbomont.be\/index.php\/wp-json\/wp\/v2\/media?parent=10"}],"curies":[{"name":"wp","href":"https:\/\/api.w.org\/{rel}","templated":true}]}}